{"id":7192,"date":"2025-07-31T10:25:04","date_gmt":"2025-07-31T10:25:04","guid":{"rendered":"https:\/\/ineedtoknow.site\/?page_id=7192"},"modified":"2025-07-31T10:25:05","modified_gmt":"2025-07-31T10:25:05","slug":"end-user-license-agreement","status":"publish","type":"page","link":"https:\/\/ineedtoknow.site\/hu\/end-user-license-agreement\/","title":{"rendered":"V\u00e9gfelhaszn\u00e1l\u00f3i licencszerz\u0151d\u00e9s"},"content":{"rendered":"<div style=\"height:100px\" aria-hidden=\"true\" class=\"wp-block-spacer\"><\/div>\n\n\n\n<div id=\"__enzuzo-root\"><\/div><script id=\"__enzuzo-root-script\" src=\"https:\/\/app.enzuzo.com\/__enzuzo-privacy-app.js?mode=eula&#038;apiHost=https:\/\/app.enzuzo.com&#038;qt=1753957476863&#038;referral=eyJhbGciOiJIUzI1NiIsInR5cCI6IkpXVCJ9.eyJDdXN0b21lcklEIjoyMjIwNCwiQ3VzdG9tZXJOYW1lIjoiY3VzdC1CQU01R0VTRyIsIkN1c3RvbWVyTG9nb1VSTCI6IiIsIlJvbGVzIjpbInJlZmVycmFsIl0sIlByb2R1Y3QiOiJlbnRlcnByaXNlIiwiVmVyc2lvbiI6MCwiaXNzIjoiRW56dXpvIEluYy4iLCJuYmYiOjE3NTM5NTc0Nzh9.lF3mbhYZYRRav-JIAC5KgTjei3h1Hf_WHOCUf_5zeEY\"><\/script>","protected":false},"excerpt":{"rendered":"","protected":false},"author":1,"featured_media":0,"parent":0,"menu_order":0,"comment_status":"closed","ping_status":"closed","template":"","meta":{"footnotes":""},"class_list":["post-7192","page","type-page","status-publish","hentry"],"_links":{"self":[{"href":"https:\/\/ineedtoknow.site\/hu\/wp-json\/wp\/v2\/pages\/7192","targetHints":{"allow":["GET"]}}],"collection":[{"href":"https:\/\/ineedtoknow.site\/hu\/wp-json\/wp\/v2\/pages"}],"about":[{"href":"https:\/\/ineedtoknow.site\/hu\/wp-json\/wp\/v2\/types\/page"}],"author":[{"embeddable":true,"href":"https:\/\/ineedtoknow.site\/hu\/wp-json\/wp\/v2\/users\/1"}],"replies":[{"embeddable":true,"href":"https:\/\/ineedtoknow.site\/hu\/wp-json\/wp\/v2\/comments?post=7192"}],"version-history":[{"count":1,"href":"https:\/\/ineedtoknow.site\/hu\/wp-json\/wp\/v2\/pages\/7192\/revisions"}],"predecessor-version":[{"id":7193,"href":"https:\/\/ineedtoknow.site\/hu\/wp-json\/wp\/v2\/pages\/7192\/revisions\/7193"}],"wp:attachment":[{"href":"https:\/\/ineedtoknow.site\/hu\/wp-json\/wp\/v2\/media?parent=7192"}],"curies":[{"name":"munkaf\u00fczet","href":"https:\/\/api.w.org\/{rel}","templated":true}]}}